{"id":23,"date":"2018-09-10T20:24:36","date_gmt":"2018-09-10T20:24:36","guid":{"rendered":"http:\/\/localhost\/greenSol\/?page_id=23"},"modified":"2023-01-09T13:17:45","modified_gmt":"2023-01-09T13:17:45","slug":"energia-solar","status":"publish","type":"page","link":"https:\/\/greensolrn.com.br\/index.php\/energia-solar\/","title":{"rendered":"Energia Solar"},"content":{"rendered":"<h2>O que \u00e9<\/h2>\n<p>Energia solar, neste caso energia fotovoltaica, \u00e9 a energia el\u00e9trica obtida atrav\u00e9s da luz do sol. Por ser renov\u00e1vel, limpa, eficiente, \u00e9 considerada uma das melhores op\u00e7\u00f5es em fontes de energia.<\/p>\n<h2>Como funciona<\/h2>\n<ol>\n<li>Os raios solares que incidem sobre os <strong>m\u00f3dulos do painel fotovoltaico<\/strong> instalado em seu im\u00f3vel s\u00e3o convertidos diretamente em energia el\u00e9trica pelas <strong>c\u00e9lulas fotovoltaicas<\/strong> contidas no painel.<\/li>\n<li>A energia gerada pelos m\u00f3dulos em <strong>Corrente Cont\u00ednua (CC)<\/strong> passa atrav\u00e9s de um equipamento chamado<strong> Inversor<\/strong>, que converte-a em<strong> Corrente Alternada (CA)<\/strong>, adequando-a \u00e0 mesma frequ\u00eancia da rede el\u00e9trica da Concession\u00e1ria da sua regi\u00e3o, para que possa ser usada normalmente em seu im\u00f3vel.<\/li>\n<li>Ap\u00f3s esse processo, a eletricidade gerada vai para a &#8220;caixa de luz&#8221;\/ quadro geral e \u00e9 distribu\u00edda para seu im\u00f3vel para ser utilizada nas <strong>l\u00e2mpadas e aparelhos el\u00e9tricos ligados \u00e0 tomada<\/strong>.<\/li>\n<\/ol>\n<p><img decoding=\"async\" loading=\"lazy\" width=\"1000\" height=\"862\" class=\"wp-image-286 size-full aligncenter\" src=\"https:\/\/greensolrn.com.br\/wp-content\/uploads\/2018\/10\/ESQUEMA-3.jpg\" alt=\"\" srcset=\"https:\/\/greensolrn.com.br\/wp-content\/uploads\/2018\/10\/ESQUEMA-3.jpg 1000w, https:\/\/greensolrn.com.br\/wp-content\/uploads\/2018\/10\/ESQUEMA-3-300x259.jpg 300w, https:\/\/greensolrn.com.br\/wp-content\/uploads\/2018\/10\/ESQUEMA-3-768x662.jpg 768w\" sizes=\"(max-width: 1000px) 100vw, 1000px\" \/><\/p>\n<p>Caso seu sistema seja<strong> &#8220;On-grid&#8221;<\/strong> &#8211; ou seja, que funciona <strong>conectado \u00e0 rede el\u00e9trica da Concession\u00e1ria <\/strong>de energia -, a\u00a0energia excedente que n\u00e3o foi consumida ser\u00e1 injetada na rede, gerando cr\u00e9ditos que ser\u00e3o usados em seu im\u00f3vel durante a noite ou em dias com pouca radia\u00e7\u00e3o solar, quando a produ\u00e7\u00e3o de energia pode ser menor que a necess\u00e1ria.<\/p>\n<p>Caso seu sistema seja <strong>&#8220;Off-Grid&#8221;\u00a0<\/strong>&#8211; ou seja, que funciona <strong>independente da Concession\u00e1ria<\/strong>\u00a0-, a energia excedente que n\u00e3o foi consumida ser\u00e1 armazenada em uma <strong>bateria<\/strong> para ser utilizada durante a noite ou em dias com pouca radia\u00e7\u00e3o solar, quando a produ\u00e7\u00e3o de energia pode ser menor que a necess\u00e1ria.<\/p>\n<h2>Grandes vantagens<\/h2>\n<ul>\n<li>Energia limpa e renov\u00e1vel;<\/li>\n<li>Pode ser instalada em qualquer lugar;<\/li>\n<li>Sem infla\u00e7\u00e3o das concession\u00e1rias de energia el\u00e9trica;<\/li>\n<li>Economia de at\u00e9 95% com conta de energia;<\/li>\n<li>Valoriza\u00e7\u00e3o do im\u00f3vel onde o sistema est\u00e1 sendo utilizado;<\/li>\n<li>O sistema solar pode ter vida \u00fatil superior a 25 anos;<\/li>\n<li>Sistema f\u00e1cil de ser instalado e ampliado, caso necess\u00e1rio;<\/li>\n<li>O investimento &#8220;se paga&#8221; entre 5 e 10 anos;<\/li>\n<li>O sistema \u00a0tem pouca necessidade de manuten\u00e7\u00e3o;<\/li>\n<li>O sistema n\u00e3o faz barulho, n\u00e3o exala odores e n\u00e3o polui;<\/li>\n<li>Excelente marketing ecol\u00f3gico para empresas;<\/li>\n<li>Em sua empresa, ind\u00fastria ou produ\u00e7\u00e3o rural, voc\u00ea economizar\u00e1 com conta de energia e poder\u00e1 investir melhor na sua produ\u00e7\u00e3o;<\/li>\n<li>Energia solar chega onde a energia das concession\u00e1rias n\u00e3o tem chegado.<\/li>\n<\/ul>\n<h2>Energia solar no Brasil<\/h2>\n<ul>\n<li>O pa\u00eds tem fortes n\u00edveis de radia\u00e7\u00e3o solar em grande parte de seu territ\u00f3rio, portanto, o sistema fotovoltaico \u00e9 extremamente eficiente e gera muita energia.<\/li>\n<li>Existem linhas de financiamento para energia solar fotovoltaica.<\/li>\n<li><a href=\"https:\/\/greensolrn.com.br\/wp-content\/uploads\/2018\/09\/ren2012482.pdf\" target=\"_blank\" rel=\"noopener\"><strong>Clique aqui<\/strong><\/a> e saiba mais sobre a Resolu\u00e7\u00e3o Normativa da Energia Solar no Brasil (RESOLU\u00c7\u00c3O NORMATIVA N\u00ba 482 &#8211; ANEEL).<\/li>\n<\/ul>\n<h2><\/h2>\n","protected":false},"excerpt":{"rendered":"<p>O que \u00e9 Energia solar, neste caso energia fotovoltaica, \u00e9 a energia el\u00e9trica obtida atrav\u00e9s da luz do sol. Por ser renov\u00e1vel, limpa, eficiente, \u00e9 considerada uma das melhores op\u00e7\u00f5es em fontes de energia. Como funciona Os raios solares que incidem sobre os m\u00f3dulos do painel fotovoltaico instalado em seu im\u00f3vel s\u00e3o convertidos diretamente em [&hellip;]<\/p>\n","protected":false},"author":1,"featured_media":0,"parent":0,"menu_order":0,"comment_status":"closed","ping_status":"closed","template":"","meta":{"_mi_skip_tracking":false,"_exactmetrics_sitenote_active":false,"_exactmetrics_sitenote_note":"","_exactmetrics_sitenote_category":0},"acf":[],"_links":{"self":[{"href":"https:\/\/greensolrn.com.br\/index.php\/wp-json\/wp\/v2\/pages\/23"}],"collection":[{"href":"https:\/\/greensolrn.com.br\/index.php\/wp-json\/wp\/v2\/pages"}],"about":[{"href":"https:\/\/greensolrn.com.br\/index.php\/wp-json\/wp\/v2\/types\/page"}],"author":[{"embeddable":true,"href":"https:\/\/greensolrn.com.br\/index.php\/wp-json\/wp\/v2\/users\/1"}],"replies":[{"embeddable":true,"href":"https:\/\/greensolrn.com.br\/index.php\/wp-json\/wp\/v2\/comments?post=23"}],"version-history":[{"count":95,"href":"https:\/\/greensolrn.com.br\/index.php\/wp-json\/wp\/v2\/pages\/23\/revisions"}],"predecessor-version":[{"id":387,"href":"https:\/\/greensolrn.com.br\/index.php\/wp-json\/wp\/v2\/pages\/23\/revisions\/387"}],"wp:attachment":[{"href":"https:\/\/greensolrn.com.br\/index.php\/wp-json\/wp\/v2\/media?parent=23"}],"curies":[{"name":"wp","href":"https:\/\/api.w.org\/{rel}","templated":true}]}}